{"id":756,"date":"2023-02-12T08:18:53","date_gmt":"2023-02-12T07:18:53","guid":{"rendered":"https:\/\/www.gitedelahaie-equiverlesse.fr\/?page_id=756"},"modified":"2024-02-27T06:50:52","modified_gmt":"2024-02-27T05:50:52","slug":"restitution-de-donnees","status":"publish","type":"page","link":"https:\/\/www.gitedelahaie-equiverlesse.fr\/index.php\/restitution-de-donnees\/","title":{"rendered":"restitution de donn\u00e9es"},"content":{"rendered":"\t\t<div data-elementor-type=\"wp-page\" data-elementor-id=\"756\" class=\"elementor elementor-756\" data-elementor-post-type=\"page\">\n\t\t\t\t\t\t<section class=\"elementor-section elementor-top-section elementor-element elementor-element-d8523e5 elementor-section-height-min-height elementor-section-boxed elementor-section-height-default elementor-section-items-middle\" data-id=\"d8523e5\" data-element_type=\"section\" data-settings=\"{&quot;background_background&quot;:&quot;classic&quot;,&quot;background_motion_fx_motion_fx_scrolling&quot;:&quot;yes&quot;,&quot;background_motion_fx_opacity_effect&quot;:&quot;yes&quot;,&quot;background_motion_fx_opacity_range&quot;:{&quot;unit&quot;:&quot;%&quot;,&quot;size&quot;:&quot;&quot;,&quot;sizes&quot;:{&quot;start&quot;:&quot;20&quot;,&quot;end&quot;:&quot;40&quot;}},&quot;background_motion_fx_scale_direction&quot;:&quot;in-out-in&quot;,&quot;background_motion_fx_scale_speed&quot;:{&quot;unit&quot;:&quot;px&quot;,&quot;size&quot;:&quot;1&quot;,&quot;sizes&quot;:[]},&quot;background_motion_fx_scale_range&quot;:{&quot;unit&quot;:&quot;%&quot;,&quot;size&quot;:&quot;&quot;,&quot;sizes&quot;:{&quot;start&quot;:&quot;27&quot;,&quot;end&quot;:&quot;100&quot;}},&quot;background_motion_fx_scale_effect&quot;:&quot;yes&quot;,&quot;background_motion_fx_opacity_direction&quot;:&quot;out-in&quot;,&quot;background_motion_fx_opacity_level&quot;:{&quot;unit&quot;:&quot;px&quot;,&quot;size&quot;:10,&quot;sizes&quot;:[]},&quot;background_motion_fx_devices&quot;:[&quot;desktop&quot;,&quot;tablet&quot;,&quot;mobile&quot;]}\">\n\t\t\t\t\t\t<div class=\"elementor-container elementor-column-gap-default\">\n\t\t\t\t\t<div class=\"elementor-column elementor-col-100 elementor-top-column elementor-element elementor-element-8c0d3e4\" data-id=\"8c0d3e4\" data-element_type=\"column\">\n\t\t\t<div class=\"elementor-widget-wrap elementor-element-populated\">\n\t\t\t\t\t\t<div class=\"elementor-element elementor-element-b75df1c elementor-widget elementor-widget-heading\" data-id=\"b75df1c\" data-element_type=\"widget\" data-widget_type=\"heading.default\">\n\t\t\t\t<div class=\"elementor-widget-container\">\n\t\t\t\t\t<h2 class=\"elementor-heading-title elementor-size-default\">R\u00e9stitution des donn\u00e9es<\/h2>\t\t\t\t<\/div>\n\t\t\t\t<\/div>\n\t\t\t\t<div class=\"elementor-element elementor-element-6472a13 elementor-widget elementor-widget-shortcode\" data-id=\"6472a13\" data-element_type=\"widget\" data-widget_type=\"shortcode.default\">\n\t\t\t\t<div class=\"elementor-widget-container\">\n\t\t\t\t\t\t\t<div class=\"elementor-shortcode\">\t\t<form action=\"https:\/\/www.gitedelahaie-equiverlesse.fr\/wp-admin\/admin-ajax.php\" method=\"post\" id=\"gdrf-form\">\n\t\t\t<input type=\"hidden\" name=\"action\" value=\"gdrf_data_request\" \/>\n\t\t\t<input type=\"hidden\" name=\"gdrf_data_human_key\" id=\"gdrf_data_human_key\" value=\"20005\" \/>\n\t\t\t<input type=\"hidden\" name=\"gdrf_data_nonce\" id=\"gdrf_data_nonce\" value=\"ebdacf6534\" \/>\n\n\t\t\t\t\t<div class=\"gdrf-field gdrf-field-action\" role=\"radiogroup\" aria-labelledby=\"gdrf-radio-label\">\n\t\t\t\t<p id=\"gdrf-radio-label\">\n\t\t\t\t\tS\u00e9lectionner un type de demande\u00a0:\t\t\t\t<\/p>\n\n\t\t\t\t<input id=\"gdrf-data-type-export\" class=\"gdrf-data-type-input\" type=\"radio\" name=\"gdrf_data_type\" value=\"export_personal_data\" \/>\n\t\t\t\t<label for=\"gdrf-data-type-export\" class=\"gdrf-data-type-label\">\n\t\t\t\t\tExporter mes donn\u00e9es personnelles\t\t\t\t<\/label>\n\t\t\t\t<br \/>\n\t\t\t\t<input id=\"gdrf-data-type-remove\" class=\"gdrf-data-type-input\" type=\"radio\" name=\"gdrf_data_type\" value=\"remove_personal_data\" \/>\n\t\t\t\t<label for=\"gdrf-data-type-remove\" class=\"gdrf-data-type-label\">\n\t\t\t\t\tSupprimer mes donn\u00e9es personnelles\t\t\t\t<\/label>\n\t\t\t<\/div>\n\t\t\n\t\t\t<p class=\"gdrf-field gdrf-field-email\">\n\t\t\t\t<label for=\"gdrf_data_email\">\n\t\t\t\t\tVotre adresse de messagerie (obligatoire)\t\t\t\t<\/label>\n\t\t\t\t<input type=\"email\" id=\"gdrf_data_email\" name=\"gdrf_data_email\" required \/>\n\t\t\t<\/p>\n\n\t\t\t<p class=\"gdrf-field gdrf-field-human\">\n\t\t\t\t<label for=\"gdrf_data_human\">\n\t\t\t\t\tV\u00e9rification antispam (obligatoire)\u00a0:\t\t\t\t\t2\u00a0+\u00a05\u00a0=\u00a0?\t\t\t\t<\/label>\n\t\t\t\t<input type=\"text\" id=\"gdrf_data_human\" name=\"gdrf_data_human\" required \/>\n\t\t\t<\/p>\n\n\t\t\t<p class=\"gdrf-field gdrf-field-submit\">\n\t\t\t\t<input id=\"gdrf-submit-button\" type=\"submit\" class=\"wp-element-button\" value=\"Envoyer la demande\" \/>\n\t\t\t<\/p>\n\t\t<\/form>\n\t\t<\/div>\n\t\t\t\t\t\t<\/div>\n\t\t\t\t<\/div>\n\t\t\t\t\t<\/div>\n\t\t<\/div>\n\t\t\t\t\t<\/div>\n\t\t<\/section>\n\t\t\t\t<\/div>\n\t\t","protected":false},"excerpt":{"rendered":"<p>R\u00e9stitution des donn\u00e9es<\/p>\n","protected":false},"author":1,"featured_media":0,"parent":0,"menu_order":0,"comment_status":"closed","ping_status":"closed","template":"elementor_header_footer","meta":{"site-sidebar-layout":"no-sidebar","site-content-layout":"page-builder","ast-site-content-layout":"default","site-content-style":"default","site-sidebar-style":"default","ast-global-header-display":"","ast-banner-title-visibility":"","ast-main-header-display":"","ast-hfb-above-header-display":"","ast-hfb-below-header-display":"","ast-hfb-mobile-header-display":"","site-post-title":"disabled","ast-breadcrumbs-content":"","ast-featured-img":"disabled","footer-sml-layout":"","ast-disable-related-posts":"","theme-transparent-header-meta":"","adv-header-id-meta":"","stick-header-meta":"","header-above-stick-meta":"","header-main-stick-meta":"","header-below-stick-meta":"","astra-migrate-meta-layouts":"default","ast-page-background-enabled":"default","ast-page-background-meta":{"desktop":{"background-color":"var(--ast-global-color-4)","background-image":"","background-repeat":"repeat","background-position":"center center","background-size":"auto","background-attachment":"scroll","background-type":"","background-media":"","overlay-type":"","overlay-color":"","overlay-opacity":"","overlay-gradient":""},"tablet":{"background-color":"","background-image":"","background-repeat":"repeat","background-position":"center center","background-size":"auto","background-attachment":"scroll","background-type":"","background-media":"","overlay-type":"","overlay-color":"","overlay-opacity":"","overlay-gradient":""},"mobile":{"background-color":"","background-image":"","background-repeat":"repeat","background-position":"center center","background-size":"auto","background-attachment":"scroll","background-type":"","background-media":"","overlay-type":"","overlay-color":"","overlay-opacity":"","overlay-gradient":""}},"ast-content-background-meta":{"desktop":{"background-color":"var(--ast-global-color-5)","background-image":"","background-repeat":"repeat","background-position":"center center","background-size":"auto","background-attachment":"scroll","background-type":"","background-media":"","overlay-type":"","overlay-color":"","overlay-opacity":"","overlay-gradient":""},"tablet":{"background-color":"var(--ast-global-color-5)","background-image":"","background-repeat":"repeat","background-position":"center center","background-size":"auto","background-attachment":"scroll","background-type":"","background-media":"","overlay-type":"","overlay-color":"","overlay-opacity":"","overlay-gradient":""},"mobile":{"background-color":"var(--ast-global-color-5)","background-image":"","background-repeat":"repeat","background-position":"center center","background-size":"auto","background-attachment":"scroll","background-type":"","background-media":"","overlay-type":"","overlay-color":"","overlay-opacity":"","overlay-gradient":""}},"footnotes":""},"class_list":["post-756","page","type-page","status-publish","hentry"],"yoast_head":"<!-- This site is optimized with the Yoast SEO plugin v26.7 - https:\/\/yoast.com\/wordpress\/plugins\/seo\/ -->\n<title>restitution de donn\u00e9es - G\u00eete de la Haie Equiverlesse<\/title>\n<meta name=\"robots\" content=\"noindex, nofollow\" \/>\n<meta property=\"og:locale\" content=\"fr_FR\" \/>\n<meta property=\"og:type\" content=\"article\" \/>\n<meta property=\"og:title\" content=\"restitution de donn\u00e9es - G\u00eete de la Haie Equiverlesse\" \/>\n<meta property=\"og:description\" content=\"R\u00e9stitution des donn\u00e9es\" \/>\n<meta property=\"og:url\" content=\"https:\/\/www.gitedelahaie-equiverlesse.fr\/index.php\/restitution-de-donnees\/\" \/>\n<meta property=\"og:site_name\" content=\"G\u00eete de la Haie Equiverlesse\" \/>\n<meta property=\"article:modified_time\" content=\"2024-02-27T05:50:52+00:00\" \/>\n<meta name=\"twitter:card\" content=\"summary_large_image\" \/>\n<meta name=\"twitter:label1\" content=\"Dur\u00e9e de lecture estim\u00e9e\" \/>\n\t<meta name=\"twitter:data1\" content=\"1 minute\" \/>\n<script type=\"application\/ld+json\" class=\"yoast-schema-graph\">{\"@context\":\"https:\/\/schema.org\",\"@graph\":[{\"@type\":\"WebPage\",\"@id\":\"https:\/\/www.gitedelahaie-equiverlesse.fr\/index.php\/restitution-de-donnees\/\",\"url\":\"https:\/\/www.gitedelahaie-equiverlesse.fr\/index.php\/restitution-de-donnees\/\",\"name\":\"restitution de donn\u00e9es - G\u00eete de la Haie Equiverlesse\",\"isPartOf\":{\"@id\":\"https:\/\/www.gitedelahaie-equiverlesse.fr\/#website\"},\"datePublished\":\"2023-02-12T07:18:53+00:00\",\"dateModified\":\"2024-02-27T05:50:52+00:00\",\"breadcrumb\":{\"@id\":\"https:\/\/www.gitedelahaie-equiverlesse.fr\/index.php\/restitution-de-donnees\/#breadcrumb\"},\"inLanguage\":\"fr-FR\",\"potentialAction\":[{\"@type\":\"ReadAction\",\"target\":[\"https:\/\/www.gitedelahaie-equiverlesse.fr\/index.php\/restitution-de-donnees\/\"]}]},{\"@type\":\"BreadcrumbList\",\"@id\":\"https:\/\/www.gitedelahaie-equiverlesse.fr\/index.php\/restitution-de-donnees\/#breadcrumb\",\"itemListElement\":[{\"@type\":\"ListItem\",\"position\":1,\"name\":\"Accueil\",\"item\":\"https:\/\/www.gitedelahaie-equiverlesse.fr\/\"},{\"@type\":\"ListItem\",\"position\":2,\"name\":\"restitution de donn\u00e9es\"}]},{\"@type\":\"WebSite\",\"@id\":\"https:\/\/www.gitedelahaie-equiverlesse.fr\/#website\",\"url\":\"https:\/\/www.gitedelahaie-equiverlesse.fr\/\",\"name\":\"G\u00eete de la Haie Equiverlesse\",\"description\":\"Escapade dans un \u00e9crin de for\u00eat\u200b\",\"publisher\":{\"@id\":\"https:\/\/www.gitedelahaie-equiverlesse.fr\/#organization\"},\"potentialAction\":[{\"@type\":\"SearchAction\",\"target\":{\"@type\":\"EntryPoint\",\"urlTemplate\":\"https:\/\/www.gitedelahaie-equiverlesse.fr\/?s={search_term_string}\"},\"query-input\":{\"@type\":\"PropertyValueSpecification\",\"valueRequired\":true,\"valueName\":\"search_term_string\"}}],\"inLanguage\":\"fr-FR\"},{\"@type\":\"Organization\",\"@id\":\"https:\/\/www.gitedelahaie-equiverlesse.fr\/#organization\",\"name\":\"G\u00eete de la Haie Equiverlesse\",\"url\":\"https:\/\/www.gitedelahaie-equiverlesse.fr\/\",\"logo\":{\"@type\":\"ImageObject\",\"inLanguage\":\"fr-FR\",\"@id\":\"https:\/\/www.gitedelahaie-equiverlesse.fr\/#\/schema\/logo\/image\/\",\"url\":\"https:\/\/www.gitedelahaie-equiverlesse.fr\/wp-content\/uploads\/2023\/02\/Gite-logo-01-01-1.png\",\"contentUrl\":\"https:\/\/www.gitedelahaie-equiverlesse.fr\/wp-content\/uploads\/2023\/02\/Gite-logo-01-01-1.png\",\"width\":2481,\"height\":1571,\"caption\":\"G\u00eete de la Haie Equiverlesse\"},\"image\":{\"@id\":\"https:\/\/www.gitedelahaie-equiverlesse.fr\/#\/schema\/logo\/image\/\"}}]}<\/script>\n<!-- \/ Yoast SEO plugin. -->","yoast_head_json":{"title":"restitution de donn\u00e9es - G\u00eete de la Haie Equiverlesse","robots":{"index":"noindex","follow":"nofollow"},"og_locale":"fr_FR","og_type":"article","og_title":"restitution de donn\u00e9es - G\u00eete de la Haie Equiverlesse","og_description":"R\u00e9stitution des donn\u00e9es","og_url":"https:\/\/www.gitedelahaie-equiverlesse.fr\/index.php\/restitution-de-donnees\/","og_site_name":"G\u00eete de la Haie Equiverlesse","article_modified_time":"2024-02-27T05:50:52+00:00","twitter_card":"summary_large_image","twitter_misc":{"Dur\u00e9e de lecture estim\u00e9e":"1 minute"},"schema":{"@context":"https:\/\/schema.org","@graph":[{"@type":"WebPage","@id":"https:\/\/www.gitedelahaie-equiverlesse.fr\/index.php\/restitution-de-donnees\/","url":"https:\/\/www.gitedelahaie-equiverlesse.fr\/index.php\/restitution-de-donnees\/","name":"restitution de donn\u00e9es - G\u00eete de la Haie Equiverlesse","isPartOf":{"@id":"https:\/\/www.gitedelahaie-equiverlesse.fr\/#website"},"datePublished":"2023-02-12T07:18:53+00:00","dateModified":"2024-02-27T05:50:52+00:00","breadcrumb":{"@id":"https:\/\/www.gitedelahaie-equiverlesse.fr\/index.php\/restitution-de-donnees\/#breadcrumb"},"inLanguage":"fr-FR","potentialAction":[{"@type":"ReadAction","target":["https:\/\/www.gitedelahaie-equiverlesse.fr\/index.php\/restitution-de-donnees\/"]}]},{"@type":"BreadcrumbList","@id":"https:\/\/www.gitedelahaie-equiverlesse.fr\/index.php\/restitution-de-donnees\/#breadcrumb","itemListElement":[{"@type":"ListItem","position":1,"name":"Accueil","item":"https:\/\/www.gitedelahaie-equiverlesse.fr\/"},{"@type":"ListItem","position":2,"name":"restitution de donn\u00e9es"}]},{"@type":"WebSite","@id":"https:\/\/www.gitedelahaie-equiverlesse.fr\/#website","url":"https:\/\/www.gitedelahaie-equiverlesse.fr\/","name":"G\u00eete de la Haie Equiverlesse","description":"Escapade dans un \u00e9crin de for\u00eat\u200b","publisher":{"@id":"https:\/\/www.gitedelahaie-equiverlesse.fr\/#organization"},"potentialAction":[{"@type":"SearchAction","target":{"@type":"EntryPoint","urlTemplate":"https:\/\/www.gitedelahaie-equiverlesse.fr\/?s={search_term_string}"},"query-input":{"@type":"PropertyValueSpecification","valueRequired":true,"valueName":"search_term_string"}}],"inLanguage":"fr-FR"},{"@type":"Organization","@id":"https:\/\/www.gitedelahaie-equiverlesse.fr\/#organization","name":"G\u00eete de la Haie Equiverlesse","url":"https:\/\/www.gitedelahaie-equiverlesse.fr\/","logo":{"@type":"ImageObject","inLanguage":"fr-FR","@id":"https:\/\/www.gitedelahaie-equiverlesse.fr\/#\/schema\/logo\/image\/","url":"https:\/\/www.gitedelahaie-equiverlesse.fr\/wp-content\/uploads\/2023\/02\/Gite-logo-01-01-1.png","contentUrl":"https:\/\/www.gitedelahaie-equiverlesse.fr\/wp-content\/uploads\/2023\/02\/Gite-logo-01-01-1.png","width":2481,"height":1571,"caption":"G\u00eete de la Haie Equiverlesse"},"image":{"@id":"https:\/\/www.gitedelahaie-equiverlesse.fr\/#\/schema\/logo\/image\/"}}]}},"_links":{"self":[{"href":"https:\/\/www.gitedelahaie-equiverlesse.fr\/index.php\/wp-json\/wp\/v2\/pages\/756","targetHints":{"allow":["GET"]}}],"collection":[{"href":"https:\/\/www.gitedelahaie-equiverlesse.fr\/index.php\/wp-json\/wp\/v2\/pages"}],"about":[{"href":"https:\/\/www.gitedelahaie-equiverlesse.fr\/index.php\/wp-json\/wp\/v2\/types\/page"}],"author":[{"embeddable":true,"href":"https:\/\/www.gitedelahaie-equiverlesse.fr\/index.php\/wp-json\/wp\/v2\/users\/1"}],"replies":[{"embeddable":true,"href":"https:\/\/www.gitedelahaie-equiverlesse.fr\/index.php\/wp-json\/wp\/v2\/comments?post=756"}],"version-history":[{"count":0,"href":"https:\/\/www.gitedelahaie-equiverlesse.fr\/index.php\/wp-json\/wp\/v2\/pages\/756\/revisions"}],"wp:attachment":[{"href":"https:\/\/www.gitedelahaie-equiverlesse.fr\/index.php\/wp-json\/wp\/v2\/media?parent=756"}],"curies":[{"name":"wp","href":"https:\/\/api.w.org\/{rel}","templated":true}]}}